{"id":2523,"date":"2023-09-07T18:42:41","date_gmt":"2023-09-07T16:42:41","guid":{"rendered":"https:\/\/cabaretpetitcircus.com\/?page_id=2523"},"modified":"2025-08-04T10:22:35","modified_gmt":"2025-08-04T08:22:35","slug":"edito-draft","status":"publish","type":"page","link":"https:\/\/lepetitcircus.com\/?page_id=2523","title":{"rendered":"Edito"},"content":{"rendered":"<p>[et_pb_section fb_built=\u00a0\u00bb1&Prime; _builder_version=\u00a0\u00bb4.19.1&Prime; _module_preset=\u00a0\u00bbdefault\u00a0\u00bb background_color=\u00a0\u00bb#24293f\u00a0\u00bb global_colors_info=\u00a0\u00bb{}\u00a0\u00bb][et_pb_row column_structure=\u00a0\u00bb1_3,1_3,1_3&Prime; _builder_version=\u00a0\u00bb4.19.1&Prime; _module_preset=\u00a0\u00bbdefault\u00a0\u00bb global_colors_info=\u00a0\u00bb{}\u00a0\u00bb][et_pb_column type=\u00a0\u00bb1_3&Prime; _builder_version=\u00a0\u00bb4.19.1&Prime; _module_preset=\u00a0\u00bbdefault\u00a0\u00bb global_colors_info=\u00a0\u00bb{}\u00a0\u00bb][\/et_pb_column][et_pb_column type=\u00a0\u00bb1_3&Prime; _builder_version=\u00a0\u00bb4.19.1&Prime; _module_preset=\u00a0\u00bbdefault\u00a0\u00bb global_colors_info=\u00a0\u00bb{}\u00a0\u00bb][et_pb_image src=\u00a0\u00bbhttps:\/\/lepetitcircus.com\/wp-content\/uploads\/2025\/07\/LOGO-Petit-circus-Couverture-Facebook.png\u00a0\u00bb title_text=\u00a0\u00bbLOGO Petit circus (Couverture Facebook)\u00a0\u00bb _builder_version=\u00a0\u00bb4.19.1&Prime; _module_preset=\u00a0\u00bbdefault\u00a0\u00bb hover_enabled=\u00a0\u00bb0&Prime; global_colors_info=\u00a0\u00bb{}\u00a0\u00bb sticky_enabled=\u00a0\u00bb0&Prime;][\/et_pb_image][\/et_pb_column][et_pb_column type=\u00a0\u00bb1_3&Prime; _builder_version=\u00a0\u00bb4.19.1&Prime; _module_preset=\u00a0\u00bbdefault\u00a0\u00bb global_colors_info=\u00a0\u00bb{}\u00a0\u00bb][\/et_pb_column][\/et_pb_row][et_pb_row column_structure=\u00a0\u00bb1_3,1_3,1_3&Prime; _builder_version=\u00a0\u00bb4.19.1&Prime; _module_preset=\u00a0\u00bbdefault\u00a0\u00bb global_colors_info=\u00a0\u00bb{}\u00a0\u00bb][et_pb_column type=\u00a0\u00bb1_3&Prime; _builder_version=\u00a0\u00bb4.19.1&Prime; _module_preset=\u00a0\u00bbdefault\u00a0\u00bb global_colors_info=\u00a0\u00bb{}\u00a0\u00bb][et_pb_text _builder_version=\u00a0\u00bb4.19.1&Prime; _module_preset=\u00a0\u00bbdefault\u00a0\u00bb text_text_color=\u00a0\u00bb#FFFFFF\u00a0\u00bb global_colors_info=\u00a0\u00bb{}\u00a0\u00bb]c\u2019est pas un lieu pour les raciste<br \/>\nc\u2019est pas un lieu pour les sexiste<br \/>\nc\u2019est pas un lieu capitaliste<br \/>\nc\u2019est pas un lieu pour ce fachisme<br \/>\nc\u2019est pas un endroit \u00e0 la mode<br \/>\npas un lieu pour seulement toi et tes potes<br \/>\nc\u2019est un lieu ouvert aux tricards<br \/>\njuste pour un soir juste pour voir<br \/>\npour un euro pour un dollar<br \/>\npour la cause l\u2019art divinatoire<br \/>\nune cour des miracles un placard<br \/>\nune zone autonome temporaire<br \/>\npour tous les damn\u00e9s de la terre<br \/>\nc\u2019est pas un lieu pour les homophobes<br \/>\nc\u2019est sans tam tam sans saxophone<br \/>\nc\u2019est un lieu d\u00e9di\u00e9 au do it<br \/>\npas interdit aux banlieusards<br \/>\nc\u2019est pas interdit aux lascars<br \/>\nc\u2019est pas fait pour les parigots<br \/>\nzone autonome puisqu\u2019il en faut<br \/>\nc\u2019est un cirque fait pour tout le monde<br \/>\nc\u2019est un endroit multi ethnique<br \/>\np\u00e9n\u00e8tr\u00e9 d\u2019 differents backgrounds<br \/>\n-un p\u2019tit circus une bo\u00eete \u00e0 freaks-<br \/>\nc\u2019est un esprit c\u2019est une piste<br \/>\ndu choubidoua-shamanisme<br \/>\nzone temporaire ou tout l\u2019monde danse[\/et_pb_text][\/et_pb_column][et_pb_column type=\u00a0\u00bb1_3&Prime; _builder_version=\u00a0\u00bb4.19.1&Prime; _module_preset=\u00a0\u00bbdefault\u00a0\u00bb global_colors_info=\u00a0\u00bb{}\u00a0\u00bb][et_pb_text _builder_version=\u00a0\u00bb4.19.1&Prime; _module_preset=\u00a0\u00bbdefault\u00a0\u00bb text_text_color=\u00a0\u00bb#FFFFFF\u00a0\u00bb global_colors_info=\u00a0\u00bb{}\u00a0\u00bb]zone o\u00f9 y a pas de fausse l\u2019ambiance<br \/>\npas trop longtemps la m\u00eame musique<br \/>\n-un p\u2019tit circus une bo\u00eete \u00e0 freaks-<br \/>\nc\u2019est un th\u00e9\u00e2tre sans spectateurs<br \/>\npolice and thiefs bandit voleurs<br \/>\nc\u2019est une zone sans foi sans c\u0153ur<br \/>\nc\u2019est une zone de punks sans peur<br \/>\nsans futur sans loi sans douleur<br \/>\nou l barman est un performeur<br \/>\nzone de beaut\u00e9 peinte \u00e0 la bombe<br \/>\npleine de larsen et d\u2019triples croches<br \/>\nzone ou des p\u2019tits bouts de ciel tombent<br \/>\nun p\u2019tit circus au fond d\u2019ta poche<br \/>\ntu peux y venir en une seconde<br \/>\ncomme les bobos bectent et b\u00e9atent<br \/>\nzone monsieur et mme patate<br \/>\njuste \u00e0 c\u00f4t\u00e9 de la mappemonde<br \/>\ntapis volant d\u2019fourrure aux murs<br \/>\net rayures fluo sur les z\u00e8bres<br \/>\nc\u2019est une zone ou rien n\u2019est s\u00fbr<br \/>\nou quoi qu\u2019il arrive \u00e7a va l\u2019 faire<br \/>\nla magie de l\u2019instant vous pr\u00e9sente<br \/>\nsyst\u00e8me anti-capitalise<br \/>\nune zone de d\u00e9tente et de transe<br \/>\nzone qui s\u2019auto autonomise<br \/>\nou quand t\u2019auras cass\u00e9 ta pipe<br \/>\ndont personne avait rien \u00e0 foutre<br \/>\nd\u2019tes kilowatts d\u2019tes hectolitres<br \/>\nil en restera quelques gouttes[\/et_pb_text][\/et_pb_column][et_pb_column type=\u00a0\u00bb1_3&Prime; _builder_version=\u00a0\u00bb4.19.1&Prime; _module_preset=\u00a0\u00bbdefault\u00a0\u00bb global_colors_info=\u00a0\u00bb{}\u00a0\u00bb][et_pb_text _builder_version=\u00a0\u00bb4.19.1&Prime; _module_preset=\u00a0\u00bbdefault\u00a0\u00bb text_text_color=\u00a0\u00bb#FFFFFF\u00a0\u00bb global_colors_info=\u00a0\u00bb{}\u00a0\u00bb]<\/p>\n<p>-un p\u2019tit circus une bo\u00eete \u00e0 freaks-<br \/>zone autonome de libert\u00e9<br \/>ou y\u2019a pas moyen d\u2019s\u2019arr\u00eater<br \/>une zone pas loin d l\u2019h\u00f4tel de ville<br \/>une zone o\u00f9 \u00e7a tague ou \u00e7a deale<br \/>du respect et d l\u2019estime de soi<br \/>pas faite pour les petits bourgeois<br \/>une zone pr\u00e8s du parc de belleville<br \/>ou la v\u00e9rit\u00e9 sort de la bouche<br \/>des poukaves et meme des mecs louches<br \/>puis dispara\u00eet d\u2019un battement d\u2019cils<br \/>-un p\u2019tit circus une bo\u00eete \u00e0 freaks &#8211;<br \/>une zone o\u00f9 les cigales popent popent<br \/>l amour bien plant\u00e9 dans son socle<br \/>au del\u00e0 du temps et des \u00e9poques<br \/>mi chez michou mi les shadocks<br \/>c\u2019est une zone o\u00f9 ferme ta gueule<br \/>si \u00e7a sert \u00e0 rien c\u2019que tu dis<br \/>c\u2019est une zone o\u00f9 t\u2019es pas tout seul<br \/>t\u2019as juste \u00e0 kiffer l\u2019paradis<br \/>un laboratoire un empire<br \/>un moulin \u00e0 vent pour les clowns<br \/>rien \u00e0 voir avec une tire-lire<br \/>une bo\u00eete noire un perforodrome<br \/>c\u2019est pas un lieu d\u2019intimit\u00e9<br \/>c\u2019est pas un lieu pour les secret<br \/>pas un th\u00e9\u00e2tre subventionn\u00e9<br \/>vas te faire marginaliser<\/p>\n<p>[\/et_pb_text][\/et_pb_column][\/et_pb_row][\/et_pb_section]<\/p>\n","protected":false},"excerpt":{"rendered":"<p>c\u2019est pas un lieu pour les raciste c\u2019est pas un lieu pour les sexiste c\u2019est pas un lieu capitaliste c\u2019est pas un lieu pour ce fachisme c\u2019est pas un endroit [&hellip;]<\/p>\n","protected":false},"author":7,"featured_media":0,"parent":0,"menu_order":0,"comment_status":"closed","ping_status":"closed","template":"","meta":{"_et_pb_use_builder":"on","_et_pb_old_content":"","_et_gb_content_width":"","footnotes":""},"_links":{"self":[{"href":"https:\/\/lepetitcircus.com\/index.php?rest_route=\/wp\/v2\/pages\/2523"}],"collection":[{"href":"https:\/\/lepetitcircus.com\/index.php?rest_route=\/wp\/v2\/pages"}],"about":[{"href":"https:\/\/lepetitcircus.com\/index.php?rest_route=\/wp\/v2\/types\/page"}],"author":[{"embeddable":true,"href":"https:\/\/lepetitcircus.com\/index.php?rest_route=\/wp\/v2\/users\/7"}],"replies":[{"embeddable":true,"href":"https:\/\/lepetitcircus.com\/index.php?rest_route=%2Fwp%2Fv2%2Fcomments&post=2523"}],"version-history":[{"count":8,"href":"https:\/\/lepetitcircus.com\/index.php?rest_route=\/wp\/v2\/pages\/2523\/revisions"}],"predecessor-version":[{"id":3705,"href":"https:\/\/lepetitcircus.com\/index.php?rest_route=\/wp\/v2\/pages\/2523\/revisions\/3705"}],"wp:attachment":[{"href":"https:\/\/lepetitcircus.com\/index.php?rest_route=%2Fwp%2Fv2%2Fmedia&parent=2523"}],"curies":[{"name":"wp","href":"https:\/\/api.w.org\/{rel}","templated":true}]}}